{"id":1609,"date":"2023-12-20T17:03:00","date_gmt":"2023-12-20T16:03:00","guid":{"rendered":"https:\/\/buffard.eu\/?page_id=1609"},"modified":"2023-12-20T17:07:51","modified_gmt":"2023-12-20T16:07:51","slug":"mentions-legales","status":"publish","type":"page","link":"https:\/\/buffard.eu\/index.php\/mentions-legales\/","title":{"rendered":"Mentions l\u00e9gales"},"content":{"rendered":"\t\t<div data-elementor-type=\"wp-page\" data-elementor-id=\"1609\" class=\"elementor elementor-1609\">\n\t\t\t\t\t\t\t<div class=\"elementor-element elementor-element-260575e1 e-flex e-con-boxed e-con e-parent\" data-id=\"260575e1\" data-element_type=\"container\" data-settings=\"{&quot;content_width&quot;:&quot;boxed&quot;}\" data-core-v316-plus=\"true\">\n\t\t\t\t\t<div class=\"e-con-inner\">\n\t\t\t\t<div class=\"elementor-element elementor-element-5b05f040 elementor-widget elementor-widget-text-editor\" data-id=\"5b05f040\" data-element_type=\"widget\" data-widget_type=\"text-editor.default\">\n\t\t\t\t<div class=\"elementor-widget-container\">\n\t\t\t<style>\/*! elementor - v3.17.0 - 08-11-2023 *\/\n.elementor-widget-text-editor.elementor-drop-cap-view-stacked .elementor-drop-cap{background-color:#69727d;color:#fff}.elementor-widget-text-editor.elementor-drop-cap-view-framed .elementor-drop-cap{color:#69727d;border:3px solid;background-color:transparent}.elementor-widget-text-editor:not(.elementor-drop-cap-view-default) .elementor-drop-cap{margin-top:8px}.elementor-widget-text-editor:not(.elementor-drop-cap-view-default) .elementor-drop-cap-letter{width:1em;height:1em}.elementor-widget-text-editor .elementor-drop-cap{float:left;text-align:center;line-height:1;font-size:50px}.elementor-widget-text-editor .elementor-drop-cap-letter{display:inline-block}<\/style>\t\t\t\t<!-- wp:heading {\"level\":3} -->\n<h3 class=\"wp-block-heading\">INFORMATIONS \u00c9DITEUR\u00a0 \u00a0<\/h3>\n<!-- \/wp:heading --><!-- wp:paragraph -->\n<p>Buffard Logistique France<br \/>Parc d\u2019Activit\u00e9s de la Chauss\u00e9e de la Moselle<br \/>B.P. 650 \u2013 76059 Le Havre Cedex<br \/>T\u00e9l. +33 (0)2 35 25 23 74<br \/>Fax +33 (0)2 35 24 44 42<br \/><a href=\"mailto:contact@buffard.eu\">contact@buffard.eu<\/a><\/p>\n<!-- \/wp:paragraph --><!-- wp:paragraph -->\n<p>SIRET 301 545 414 00023<br \/>Soci\u00e9t\u00e9 par actions simplifi\u00e9e au capital social de 300.000,00 \u20ac<\/p>\n<!-- \/wp:paragraph --><!-- wp:heading {\"level\":3} -->\n<h3 class=\"wp-block-heading\">DIRECTEUR DE PUBLICATION<\/h3>\n<!-- \/wp:heading --><!-- wp:paragraph -->\n<p>Mr. Jean-marc Lebrun<\/p>\n<!-- \/wp:paragraph --><!-- wp:heading {\"level\":3} -->\n<h3 class=\"wp-block-heading\">H\u00c9BERGEMENT<\/h3>\n<!-- \/wp:heading --><!-- wp:paragraph -->\n<p>OVH<br \/>2 rue Kellermann \u2013\u00a059100 Roubaix \u2013\u00a0France<\/p>\n<!-- \/wp:paragraph --><!-- wp:heading {\"level\":3} -->\n<h3 class=\"wp-block-heading\">CR\u00c9DITS PHOTOGRAPHIQUES<\/h3>\n<!-- \/wp:heading --><!-- wp:paragraph -->\n<p>Toutes les photographies pr\u00e9sent\u00e9es sur ce site sont prot\u00e9g\u00e9es par le Code de la propri\u00e9t\u00e9 intellectuelle et artistique. Elles\u00a0sont la propri\u00e9t\u00e9 exclusive de la soci\u00e9t\u00e9 BUFFARD LOGISTIQUE, ou font l\u2019objet d\u2019une autorisation sp\u00e9cifique d\u2019utilisation pour BUFFARD LOGISTIQUE FRANCE.\u00a0Les copyrights et droits des visuels du site sont les suivants\u00a0: BUFFARD LOGISTIQUE FRANCE, SHUTTERSTOCK, .<\/p>\n<!-- \/wp:paragraph --><!-- wp:heading {\"level\":3} -->\n<h3 class=\"wp-block-heading\">DROIT D\u2019AUTEUR<\/h3>\n<!-- \/wp:heading --><!-- wp:paragraph -->\n<p>La structure g\u00e9n\u00e9rale du portail, ainsi que les textes, photos, images et sons composant ce portail sont la propri\u00e9t\u00e9 de la soci\u00e9t\u00e9 BUFFARD LOGISTIQUE FRANCE. En application de la loi du 11 mars 1957 (art. 41) et du code de la propri\u00e9t\u00e9 intellectuelle du 1<sup>er<\/sup>\u00a0juillet 1992, toute reproduction partielle ou totale \u00e0 usage collectif, par quelque proc\u00e9d\u00e9 que ce soit, est strictement interdite sans autorisation de la soci\u00e9t\u00e9 BUFFARD LOGISTIQUE FRANCE.<br \/>Les logos, visuels et marques pr\u00e9sents sur ce site sont la propri\u00e9t\u00e9 de leur d\u00e9tenteur respectif.<br \/>L\u2019internaute reconna\u00eet que l\u2019utilisation du site de Buffard Logistique France est r\u00e9gie par le droit fran\u00e7ais.<\/p>\n<!-- \/wp:paragraph --><!-- wp:heading {\"level\":3} -->\n<h3 class=\"wp-block-heading\">LIENS HYPERTEXTES ET INDICATIONS JURIDIQUES<\/h3>\n<!-- \/wp:heading --><!-- wp:paragraph -->\n<p>BUFFARD LOGISTIQUE FRANCE v\u00e9rifie et actualise les informations sur son sites web constamment. Malgr\u00e9 toute diligence, les donn\u00e9es peuvent avoir chang\u00e9s entre-temps. Une responsabilit\u00e9 ou garantie pour l\u2019actualit\u00e9, la v\u00e9racit\u00e9 et l\u2019int\u00e9gralit\u00e9 des informations mises \u00e0 disposition ne peut pas \u00eatre prise. Cela vaut \u00e9galement pour tous les autres pages web, auxquels le site internet fait r\u00e9f\u00e9rence par moyen d\u2019hyperlien. Nous ne sommes pas responsables pour le contenu des sites web, que vous acc\u00e9dez par une connexion de ce genre.<\/p>\n<!-- \/wp:paragraph --><!-- wp:heading {\"level\":3} -->\n<h3 class=\"wp-block-heading\">TRAITEMENT DES DONN\u00c9ES PERSONNELLES<\/h3>\n<!-- \/wp:heading --><!-- wp:paragraph -->\n<p>Les donn\u00e9es personnelles recueillies sur le site r\u00e9sultent de la communication volontaire d\u2019une adresse de courrier \u00e9lectronique lors du d\u00e9p\u00f4t d\u2019un message \u00e9lectronique. Les courriels ainsi recueillis ne servent qu\u2019\u00e0 transmettre les \u00e9l\u00e9ments d\u2019informations demand\u00e9s. BUFFARD LOGISTIQUE FRANCE conserve de mani\u00e8re confidentielle les courriels pour une dur\u00e9e ne pouvant exc\u00e9der 1 an. Les adresses \u00e9lectroniques collect\u00e9es ne feront l\u2019objet d\u2019aucune cession, ni d\u2019aucun traitement.<\/p>\n<!-- \/wp:paragraph --><!-- wp:paragraph -->\n<p>Conform\u00e9ment \u00e0 l\u2019article 34 de la Loi \u00ab\u00a0Informatique et Libert\u00e9s\u00a0\u00bb n\u00b0 78-17 du 6 janvier 1978, modifi\u00e9e le 6 ao\u00fbt 2004, vous disposez d\u2019un droit d\u2019acc\u00e8s, de modification, de rectification et de suppression des donn\u00e9es qui vous concernant. Vous pouvez l\u2019exercer sur simple demande \u00e9crite \u00e0 l\u2019adresse suivante :<\/p>\n<!-- \/wp:paragraph --><!-- wp:paragraph -->\n<p>Buffard Logistique France<br \/>Parc d\u2019Activit\u00e9s de la Chauss\u00e9e de la Moselle<br \/>B.P. 650 \u2013 76059 Le Havre Cedex<br \/>T\u00e9l. +33 (0)2 35 25 23 74<br \/>Fax +33 (0)2 35 24 44 42<br \/><a href=\"mailto:contact@buffard.eu\">contact@buffard.eu<\/a><\/p>\n<!-- \/wp:paragraph --><!-- wp:paragraph -->\n<p>Les informations recueillies font l\u2019objet d\u2019un traitement informatique destin\u00e9 \u00e0 faciliter le traitement de votre demande.<\/p>\n<!-- \/wp:paragraph --><!-- wp:paragraph -->\n<p>L\u2019utilisateur est inform\u00e9 que lors de ses visites sur le site\u00a0<a href=\"http:\/\/www.buffard.eu\/\" target=\"_blank\" rel=\"noreferrer noopener\">www.buffard.eu<\/a>, un cookie peut \u00eatre implant\u00e9 dans son ordinateur. Un cookie ne permet pas d\u2019identifier l\u2019utilisateur. De mani\u00e8re g\u00e9n\u00e9rale, il enregistre des informations relatives \u00e0 la navigation de son ordinateur sur le site (les pages consult\u00e9es, la date et l\u2019heure de la consultation) qui pourront \u00eatre lues lors de ses visites ult\u00e9rieures.<\/p>\n<!-- \/wp:paragraph --><!-- wp:paragraph -->\n<p>L\u2019utilisateur peut s\u2019opposer \u00e0 l\u2019enregistrement de cookies, ou \u00eatre pr\u00e9venu avant d\u2019accepter les cookies, en configurant son ordinateur de la mani\u00e8re suivante :<\/p>\n<!-- \/wp:paragraph --><!-- wp:paragraph -->\n<p><strong>Pour Microsoft Internet Explorer 6 et au del\u00e0<\/strong><\/p>\n<!-- \/wp:paragraph --><!-- wp:list {\"ordered\":true} -->\n<ol><!-- wp:list-item -->\n<li>Choisissez le menu \u00ab Outils \u00a0\u00bb (ou \u00ab Tools \u00bb), puis \u00ab Options Internet \u00a0\u00bb (ou \u00ab Internet Options \u00bb)<\/li>\n<!-- \/wp:list-item --><!-- wp:list-item -->\n<li>Cliquez sur l\u2019onglet \u00ab Confidentialit\u00e9 \u00a0\u00bb (ou \u00ab Confidentiality \u00bb)<\/li>\n<!-- \/wp:list-item --><!-- wp:list-item -->\n<li>S\u00e9lectionnez le niveau souhait\u00e9 \u00e0 l\u2019aide du curseur ou cliquez sur le bouton \u00a0\u00bb avanc\u00e9 \u00a0\u00bb pour personnaliser votre gestion des cookies<\/li>\n<!-- \/wp:list-item --><\/ol>\n<!-- \/wp:list --><!-- wp:paragraph -->\n<p><strong>Pour Microsoft Internet Explorer 5<\/strong><\/p>\n<!-- \/wp:paragraph --><!-- wp:list {\"ordered\":true} -->\n<ol><!-- wp:list-item -->\n<li>Choisissez le menu \u00ab Outils \u00a0\u00bb (ou \u00ab Tools \u00bb), puis \u00ab Option Internet \u00a0\u00bb (ou \u00ab Internet Options \u00bb)<\/li>\n<!-- \/wp:list-item --><!-- wp:list-item -->\n<li>Cliquez sur l\u2019onglet \u00ab S\u00e9curit\u00e9 \u00bb (ou \u00ab Security \u00bb)<\/li>\n<!-- \/wp:list-item --><!-- wp:list-item -->\n<li>S\u00e9lectionnez \u00ab Internet \u00a0\u00bb puis \u00ab Personnaliser le niveau \u00a0\u00bb (ou \u00ab Custom Level \u00bb)<\/li>\n<!-- \/wp:list-item --><!-- wp:list-item -->\n<li>Rep\u00e9rez la rubrique \u00ab cookies \u00a0\u00bb et choisissez l\u2019option qui vous convient<\/li>\n<!-- \/wp:list-item --><\/ol>\n<!-- \/wp:list --><!-- wp:paragraph -->\n<p><strong>Pour Firefox<\/strong><\/p>\n<!-- \/wp:paragraph --><!-- wp:list {\"ordered\":true} -->\n<ol><!-- wp:list-item -->\n<li>Choisissez le menu \u00ab Outils \u00bb &gt; \u00ab Options \u00bb<\/li>\n<!-- \/wp:list-item --><!-- wp:list-item -->\n<li>Cliquez sur l\u2019option \u00ab Vie priv\u00e9e \u00bb<\/li>\n<!-- \/wp:list-item --><!-- wp:list-item -->\n<li>Rubrique \u00ab Cookies \u00bb<\/li>\n<!-- \/wp:list-item --><\/ol>\n<!-- \/wp:list --><!-- wp:paragraph -->\n<p><strong>Pour Op\u00e9ra<\/strong><\/p>\n<!-- \/wp:paragraph --><!-- wp:list {\"ordered\":true} -->\n<ol><!-- wp:list-item -->\n<li>Choisissez le menu \u00ab Fichier \u00ab\u00a0&gt; \u00ab Pr\u00e9f\u00e9rences \u00bb<\/li>\n<!-- \/wp:list-item --><!-- wp:list-item -->\n<li>Vie priv\u00e9e<\/li>\n<!-- \/wp:list-item --><\/ol>\n<!-- \/wp:list --><!-- wp:paragraph -->\n<p><strong>Pour Google Chrome<\/strong><\/p>\n<!-- \/wp:paragraph --><!-- wp:list {\"ordered\":true} -->\n<ol><!-- wp:list-item -->\n<li>Cliquez sur l\u2019ic\u00f4ne repr\u00e9sentant une cl\u00e9 \u00e0 molette qui est situ\u00e9e dans la barre d\u2019outils du navigateur.<\/li>\n<!-- \/wp:list-item --><!-- wp:list-item -->\n<li>S\u00e9lectionnez Options (Pr\u00e9f\u00e9rences sous Mac et Linux, Param\u00e8tres sur un Chromebook).<\/li>\n<!-- \/wp:list-item --><!-- wp:list-item -->\n<li>Choisissez l\u2019onglet Options avanc\u00e9es.<\/li>\n<!-- \/wp:list-item --><!-- wp:list-item -->\n<li>Cliquez sur l\u2019option Param\u00e8tres de contenu de la section \u00ab\u00a0Confidentialit\u00e9\u00a0\u00bb.<\/li>\n<!-- \/wp:list-item --><!-- wp:list-item -->\n<li>Dans la bo\u00eete de dialogue Param\u00e8tres de contenu qui s\u2019affiche, cliquez sur l\u2019onglet Cookies.<\/li>\n<!-- \/wp:list-item --><\/ol>\n<!-- \/wp:list --><!-- wp:heading {\"level\":3} -->\n<h3 class=\"wp-block-heading\">\u00a0<\/h3>\n<!-- \/wp:heading -->\t\t\t\t\t\t<\/div>\n\t\t\t\t<\/div>\n\t\t\t\t\t<\/div>\n\t\t\t\t<\/div>\n\t\t\t\t\t\t\t<\/div>\n\t\t","protected":false},"excerpt":{"rendered":"<p>INFORMATIONS \u00c9DITEUR\u00a0 \u00a0 Buffard Logistique FranceParc d\u2019Activit\u00e9s de la Chauss\u00e9e de la MoselleB.P. 650 \u2013 76059 Le Havre CedexT\u00e9l. +33 (0)2 35 25 23 74Fax +33 (0)2 35 24 44 42contact@buffard.eu SIRET 301 545 414 00023Soci\u00e9t\u00e9 par actions simplifi\u00e9e au capital social de 300.000,00 \u20ac DIRECTEUR DE PUBLICATION Mr. Jean-marc Lebrun H\u00c9BERGEMENT OVH2 rue Kellermann [&hellip;]<\/p>\n","protected":false},"author":1,"featured_media":0,"parent":0,"menu_order":0,"comment_status":"closed","ping_status":"closed","template":"","meta":{"_monsterinsights_skip_tracking":false,"_monsterinsights_sitenote_active":false,"_monsterinsights_sitenote_note":"","_monsterinsights_sitenote_category":0,"footnotes":""},"class_list":["post-1609","page","type-page","status-publish","hentry"],"aioseo_notices":[],"_links":{"self":[{"href":"https:\/\/buffard.eu\/index.php\/wp-json\/wp\/v2\/pages\/1609","targetHints":{"allow":["GET"]}}],"collection":[{"href":"https:\/\/buffard.eu\/index.php\/wp-json\/wp\/v2\/pages"}],"about":[{"href":"https:\/\/buffard.eu\/index.php\/wp-json\/wp\/v2\/types\/page"}],"author":[{"embeddable":true,"href":"https:\/\/buffard.eu\/index.php\/wp-json\/wp\/v2\/users\/1"}],"replies":[{"embeddable":true,"href":"https:\/\/buffard.eu\/index.php\/wp-json\/wp\/v2\/comments?post=1609"}],"version-history":[{"count":5,"href":"https:\/\/buffard.eu\/index.php\/wp-json\/wp\/v2\/pages\/1609\/revisions"}],"predecessor-version":[{"id":1616,"href":"https:\/\/buffard.eu\/index.php\/wp-json\/wp\/v2\/pages\/1609\/revisions\/1616"}],"wp:attachment":[{"href":"https:\/\/buffard.eu\/index.php\/wp-json\/wp\/v2\/media?parent=1609"}],"curies":[{"name":"wp","href":"https:\/\/api.w.org\/{rel}","templated":true}]}}