{"id":1592,"date":"2023-12-07T11:31:55","date_gmt":"2023-12-07T10:31:55","guid":{"rendered":"https:\/\/buffard.eu\/?page_id=1592"},"modified":"2025-01-24T14:38:04","modified_gmt":"2025-01-24T13:38:04","slug":"lhistoire-de-nos-valeurs","status":"publish","type":"page","link":"https:\/\/buffard.eu\/index.php\/lhistoire-de-nos-valeurs\/","title":{"rendered":"L&rsquo;histoire de nos valeurs"},"content":{"rendered":"\t\t<div data-elementor-type=\"wp-page\" data-elementor-id=\"1592\" class=\"elementor elementor-1592\">\n\t\t\t\t\t\t\t<div class=\"elementor-element elementor-element-ef405b9 e-con-full e-flex e-con e-parent\" data-id=\"ef405b9\" data-element_type=\"container\" data-settings=\"{&quot;content_width&quot;:&quot;full&quot;}\" data-core-v316-plus=\"true\">\n\t\t<div class=\"elementor-element elementor-element-32b5fec e-con-full e-flex e-con e-child\" data-id=\"32b5fec\" data-element_type=\"container\" data-settings=\"{&quot;content_width&quot;:&quot;full&quot;}\">\n\t\t\t\t<div class=\"elementor-element elementor-element-2f2bb68 elementor-widget elementor-widget-image\" data-id=\"2f2bb68\" data-element_type=\"widget\" data-widget_type=\"image.default\">\n\t\t\t\t<div class=\"elementor-widget-container\">\n\t\t\t<style>\/*! elementor - v3.17.0 - 08-11-2023 *\/\n.elementor-widget-image{text-align:center}.elementor-widget-image a{display:inline-block}.elementor-widget-image a img[src$=\".svg\"]{width:48px}.elementor-widget-image img{vertical-align:middle;display:inline-block}<\/style>\t\t\t\t\t\t\t\t\t<figure class=\"wp-caption\">\n\t\t\t\t\t\t\t\t\t\t<img fetchpriority=\"high\" decoding=\"async\" width=\"800\" height=\"533\" src=\"https:\/\/buffard.eu\/wp-content\/uploads\/2023\/12\/aillot.jpg\" class=\"attachment-large size-large wp-image-1594\" alt=\"\" srcset=\"https:\/\/buffard.eu\/wp-content\/uploads\/2023\/12\/aillot.jpg 800w, https:\/\/buffard.eu\/wp-content\/uploads\/2023\/12\/aillot-300x200.jpg 300w, https:\/\/buffard.eu\/wp-content\/uploads\/2023\/12\/aillot-768x512.jpg 768w\" sizes=\"(max-width: 800px) 100vw, 800px\" \/>\t\t\t\t\t\t\t\t\t\t\t<figcaption class=\"widget-image-caption wp-caption-text\">L'un des premiers camions Buffard<\/figcaption>\n\t\t\t\t\t\t\t\t\t\t<\/figure>\n\t\t\t\t\t\t\t\t\t<\/div>\n\t\t\t\t<\/div>\n\t\t\t\t<\/div>\n\t\t<div class=\"elementor-element elementor-element-7ebfcd4 e-con-full e-flex e-con e-child\" data-id=\"7ebfcd4\" data-element_type=\"container\" data-settings=\"{&quot;content_width&quot;:&quot;full&quot;}\">\n\t\t\t\t<div class=\"elementor-element elementor-element-47755ea elementor-drop-cap-yes elementor-drop-cap-view-default elementor-widget elementor-widget-text-editor\" data-id=\"47755ea\" data-element_type=\"widget\" data-settings=\"{&quot;drop_cap&quot;:&quot;yes&quot;}\" data-widget_type=\"text-editor.default\">\n\t\t\t\t<div class=\"elementor-widget-container\">\n\t\t\t<style>\/*! elementor - v3.17.0 - 08-11-2023 *\/\n.elementor-widget-text-editor.elementor-drop-cap-view-stacked .elementor-drop-cap{background-color:#69727d;color:#fff}.elementor-widget-text-editor.elementor-drop-cap-view-framed .elementor-drop-cap{color:#69727d;border:3px solid;background-color:transparent}.elementor-widget-text-editor:not(.elementor-drop-cap-view-default) .elementor-drop-cap{margin-top:8px}.elementor-widget-text-editor:not(.elementor-drop-cap-view-default) .elementor-drop-cap-letter{width:1em;height:1em}.elementor-widget-text-editor .elementor-drop-cap{float:left;text-align:center;line-height:1;font-size:50px}.elementor-widget-text-editor .elementor-drop-cap-letter{display:inline-block}<\/style>\t\t\t\t<p>C&rsquo;est en 1945 que les \u00e9poux Buffard fondent l&rsquo;entreprise. Sp\u00e9cialis\u00e9e \u00e0 l\u2019origine dans le transport\u00a0 pour les chantiers de reconstruction du Havre, elle a su se diversifier et se d\u00e9velopper au fil des ann\u00e9es.<\/p><p>En 1967, Buffard est rachet\u00e9\u00a0 par la maison JAMEIN, qui a lanc\u00e9 les activit\u00e9s d\u2019entreposage, d\u2019affr\u00e8tement et de traction portuaire. L\u2019entreprise a connu une forte croissance et a acquis plusieurs entrep\u00f4ts dans la r\u00e9gion.<\/p><p>. En 2010, elle a chang\u00e9 de nom pour devenir Buffard Logistique. Aujourd\u2019hui, l\u2019entreprise compte une centaine de salari\u00e9s et est un sp\u00e9cialiste incontournable de la logistique et la traction portuaire.<\/p>\t\t\t\t\t\t<\/div>\n\t\t\t\t<\/div>\n\t\t\t\t<\/div>\n\t\t\t\t<\/div>\n\t\t<div class=\"elementor-element elementor-element-af1e8db e-flex e-con-boxed e-con e-parent\" data-id=\"af1e8db\" data-element_type=\"container\" data-settings=\"{&quot;content_width&quot;:&quot;boxed&quot;}\" data-core-v316-plus=\"true\">\n\t\t\t\t\t<div class=\"e-con-inner\">\n\t\t<div class=\"elementor-element elementor-element-a49be50 e-con-full e-flex e-con e-child\" data-id=\"a49be50\" data-element_type=\"container\" data-settings=\"{&quot;content_width&quot;:&quot;full&quot;}\">\n\t\t\t\t<div class=\"elementor-element elementor-element-702d5c2 elementor-drop-cap-yes elementor-drop-cap-view-default elementor-widget elementor-widget-text-editor\" data-id=\"702d5c2\" data-element_type=\"widget\" data-settings=\"{&quot;drop_cap&quot;:&quot;yes&quot;}\" data-widget_type=\"text-editor.default\">\n\t\t\t\t<div class=\"elementor-widget-container\">\n\t\t\t\t\t\t\t<p>Nous savons que la qualit\u00e9 de nos services de transport d\u00e9pend du niveau de comp\u00e9tence et de motivation de nos employ\u00e9s.<\/p><p>C\u2019est pourquoi nous leur offrons des opportunit\u00e9s de formation continue, adapt\u00e9es \u00e0 leurs besoins et aux exigences du march\u00e9. Que ce soit pour se perfectionner dans un domaine, acqu\u00e9rir de nouvelles connaissances ou \u00e9voluer dans leur carri\u00e8re, nos employ\u00e9s b\u00e9n\u00e9ficient d\u2019un accompagnement personnalis\u00e9 et d\u2019un suivi r\u00e9gulier.<\/p><p>Nous valorisons leurs efforts et leurs r\u00e9ussites, et nous les encourageons \u00e0 partager leurs exp\u00e9riences avec leurs coll\u00e8gues. \u00a0Chez Buffard, nous sommes engag\u00e9s pour la formation de nos employ\u00e9s.<\/p>\t\t\t\t\t\t<\/div>\n\t\t\t\t<\/div>\n\t\t\t\t<\/div>\n\t\t<div class=\"elementor-element elementor-element-67a67ed e-con-full e-flex e-con e-child\" data-id=\"67a67ed\" data-element_type=\"container\" data-settings=\"{&quot;content_width&quot;:&quot;full&quot;}\">\n\t\t\t\t<div class=\"elementor-element elementor-element-7342b97 elementor-widget elementor-widget-image\" data-id=\"7342b97\" data-element_type=\"widget\" data-widget_type=\"image.default\">\n\t\t\t\t<div class=\"elementor-widget-container\">\n\t\t\t\t\t\t\t\t\t\t\t\t<figure class=\"wp-caption\">\n\t\t\t\t\t\t\t\t\t\t<img decoding=\"async\" width=\"800\" height=\"533\" src=\"https:\/\/buffard.eu\/wp-content\/uploads\/2023\/12\/actualites-eco-taxe-poids-lourds-des-ateliers-pour-sy-preparer.jpg\" class=\"attachment-large size-large wp-image-1595\" alt=\"\" srcset=\"https:\/\/buffard.eu\/wp-content\/uploads\/2023\/12\/actualites-eco-taxe-poids-lourds-des-ateliers-pour-sy-preparer.jpg 800w, https:\/\/buffard.eu\/wp-content\/uploads\/2023\/12\/actualites-eco-taxe-poids-lourds-des-ateliers-pour-sy-preparer-300x200.jpg 300w, https:\/\/buffard.eu\/wp-content\/uploads\/2023\/12\/actualites-eco-taxe-poids-lourds-des-ateliers-pour-sy-preparer-768x512.jpg 768w\" sizes=\"(max-width: 800px) 100vw, 800px\" \/>\t\t\t\t\t\t\t\t\t\t\t<figcaption class=\"widget-image-caption wp-caption-text\">Chut! Nos \u00e9quipes se forment<\/figcaption>\n\t\t\t\t\t\t\t\t\t\t<\/figure>\n\t\t\t\t\t\t\t\t\t<\/div>\n\t\t\t\t<\/div>\n\t\t\t\t<\/div>\n\t\t\t\t\t<\/div>\n\t\t\t\t<\/div>\n\t\t<div class=\"elementor-element elementor-element-c915665 e-flex e-con-boxed e-con e-parent\" data-id=\"c915665\" data-element_type=\"container\" data-settings=\"{&quot;content_width&quot;:&quot;boxed&quot;}\" data-core-v316-plus=\"true\">\n\t\t\t\t\t<div class=\"e-con-inner\">\n\t\t<div class=\"elementor-element elementor-element-27a8913 e-con-full e-flex e-con e-child\" data-id=\"27a8913\" data-element_type=\"container\" data-settings=\"{&quot;content_width&quot;:&quot;full&quot;}\">\n\t\t\t\t<div class=\"elementor-element elementor-element-ae4e197 elementor-widget elementor-widget-image\" data-id=\"ae4e197\" data-element_type=\"widget\" data-widget_type=\"image.default\">\n\t\t\t\t<div class=\"elementor-widget-container\">\n\t\t\t\t\t\t\t\t\t\t\t\t\t\t\t<img decoding=\"async\" width=\"1024\" height=\"683\" src=\"https:\/\/buffard.eu\/wp-content\/uploads\/2023\/12\/eco-concept-groupe-benevoles-joyeux-1-1-1024x683.jpg\" class=\"attachment-large size-large wp-image-1598\" alt=\"\" srcset=\"https:\/\/buffard.eu\/wp-content\/uploads\/2023\/12\/eco-concept-groupe-benevoles-joyeux-1-1-1024x683.jpg 1024w, https:\/\/buffard.eu\/wp-content\/uploads\/2023\/12\/eco-concept-groupe-benevoles-joyeux-1-1-300x200.jpg 300w, https:\/\/buffard.eu\/wp-content\/uploads\/2023\/12\/eco-concept-groupe-benevoles-joyeux-1-1-768x512.jpg 768w, https:\/\/buffard.eu\/wp-content\/uploads\/2023\/12\/eco-concept-groupe-benevoles-joyeux-1-1-1536x1024.jpg 1536w, https:\/\/buffard.eu\/wp-content\/uploads\/2023\/12\/eco-concept-groupe-benevoles-joyeux-1-1-2048x1366.jpg 2048w\" sizes=\"(max-width: 1024px) 100vw, 1024px\" \/>\t\t\t\t\t\t\t\t\t\t\t\t\t\t\t<\/div>\n\t\t\t\t<\/div>\n\t\t\t\t<\/div>\n\t\t<div class=\"elementor-element elementor-element-969e56f e-con-full e-flex e-con e-child\" data-id=\"969e56f\" data-element_type=\"container\" data-settings=\"{&quot;content_width&quot;:&quot;full&quot;}\">\n\t\t\t\t<div class=\"elementor-element elementor-element-cc8143a elementor-drop-cap-yes elementor-drop-cap-view-default elementor-widget elementor-widget-text-editor\" data-id=\"cc8143a\" data-element_type=\"widget\" data-settings=\"{&quot;drop_cap&quot;:&quot;yes&quot;}\" data-widget_type=\"text-editor.default\">\n\t\t\t\t<div class=\"elementor-widget-container\">\n\t\t\t\t\t\t\t<p>Nous aimons notre m\u00e9tier de transporteur du port du Havre, mais nous aimons aussi notre plan\u00e8te. C\u2019est pourquoi nous avons mis en place des actions concr\u00e8tes pour prot\u00e9ger l\u2019environnement.<\/p><p>Nous trions nos d\u00e9chets et nous les recyclons. Nous r\u00e9duisons notre consommation de carburant en choisissant les meilleurs itin\u00e9raires et en renouvelant r\u00e9guli\u00e8rement notre flotte de v\u00e9hicules avec des mod\u00e8les plus \u00e9conomes et plus propres. Nous nous engageons \u00e0 r\u00e9duire notre impact \u00e9cologique et \u00e0 participer au d\u00e9veloppement durable.<\/p><p>Chez Buffard Logistique, la plan\u00e8te \u00e7a compte!<\/p>\t\t\t\t\t\t<\/div>\n\t\t\t\t<\/div>\n\t\t\t\t<\/div>\n\t\t\t\t\t<\/div>\n\t\t\t\t<\/div>\n\t\t\t\t\t\t\t<\/div>\n\t\t","protected":false},"excerpt":{"rendered":"<p>L&rsquo;un des premiers camions Buffard C&rsquo;est en 1945 que les \u00e9poux Buffard fondent l&rsquo;entreprise. Sp\u00e9cialis\u00e9e \u00e0 l\u2019origine dans le transport\u00a0 pour les chantiers de reconstruction du Havre, elle a su se diversifier et se d\u00e9velopper au fil des ann\u00e9es. En 1967, Buffard est rachet\u00e9\u00a0 par la maison JAMEIN, qui a lanc\u00e9 les activit\u00e9s d\u2019entreposage, d\u2019affr\u00e8tement [&hellip;]<\/p>\n","protected":false},"author":1,"featured_media":0,"parent":0,"menu_order":0,"comment_status":"closed","ping_status":"closed","template":"elementor_theme","meta":{"_monsterinsights_skip_tracking":false,"_monsterinsights_sitenote_active":false,"_monsterinsights_sitenote_note":"","_monsterinsights_sitenote_category":0,"footnotes":""},"class_list":["post-1592","page","type-page","status-publish","hentry"],"aioseo_notices":[],"_links":{"self":[{"href":"https:\/\/buffard.eu\/index.php\/wp-json\/wp\/v2\/pages\/1592","targetHints":{"allow":["GET"]}}],"collection":[{"href":"https:\/\/buffard.eu\/index.php\/wp-json\/wp\/v2\/pages"}],"about":[{"href":"https:\/\/buffard.eu\/index.php\/wp-json\/wp\/v2\/types\/page"}],"author":[{"embeddable":true,"href":"https:\/\/buffard.eu\/index.php\/wp-json\/wp\/v2\/users\/1"}],"replies":[{"embeddable":true,"href":"https:\/\/buffard.eu\/index.php\/wp-json\/wp\/v2\/comments?post=1592"}],"version-history":[{"count":7,"href":"https:\/\/buffard.eu\/index.php\/wp-json\/wp\/v2\/pages\/1592\/revisions"}],"predecessor-version":[{"id":1986,"href":"https:\/\/buffard.eu\/index.php\/wp-json\/wp\/v2\/pages\/1592\/revisions\/1986"}],"wp:attachment":[{"href":"https:\/\/buffard.eu\/index.php\/wp-json\/wp\/v2\/media?parent=1592"}],"curies":[{"name":"wp","href":"https:\/\/api.w.org\/{rel}","templated":true}]}}