{"id":1579,"date":"2023-12-07T10:57:52","date_gmt":"2023-12-07T09:57:52","guid":{"rendered":"https:\/\/buffard.eu\/?page_id=1579"},"modified":"2025-01-24T14:45:02","modified_gmt":"2025-01-24T13:45:02","slug":"contact","status":"publish","type":"page","link":"https:\/\/buffard.eu\/index.php\/contact\/","title":{"rendered":"Contact"},"content":{"rendered":"\t\t<div data-elementor-type=\"wp-page\" data-elementor-id=\"1579\" class=\"elementor elementor-1579\">\n\t\t\t\t\t\t\t<div class=\"elementor-element elementor-element-cc858e4 e-flex e-con-boxed e-con e-parent\" data-id=\"cc858e4\" data-element_type=\"container\" data-settings=\"{&quot;content_width&quot;:&quot;boxed&quot;}\" data-core-v316-plus=\"true\">\n\t\t\t\t\t<div class=\"e-con-inner\">\n\t\t\t\t<div class=\"elementor-element elementor-element-530bd49 elementor-widget elementor-widget-text-editor\" data-id=\"530bd49\" data-element_type=\"widget\" data-widget_type=\"text-editor.default\">\n\t\t\t\t<div class=\"elementor-widget-container\">\n\t\t\t<style>\/*! elementor - v3.17.0 - 08-11-2023 *\/\n.elementor-widget-text-editor.elementor-drop-cap-view-stacked .elementor-drop-cap{background-color:#69727d;color:#fff}.elementor-widget-text-editor.elementor-drop-cap-view-framed .elementor-drop-cap{color:#69727d;border:3px solid;background-color:transparent}.elementor-widget-text-editor:not(.elementor-drop-cap-view-default) .elementor-drop-cap{margin-top:8px}.elementor-widget-text-editor:not(.elementor-drop-cap-view-default) .elementor-drop-cap-letter{width:1em;height:1em}.elementor-widget-text-editor .elementor-drop-cap{float:left;text-align:center;line-height:1;font-size:50px}.elementor-widget-text-editor .elementor-drop-cap-letter{display:inline-block}<\/style>\t\t\t\t<h2>CONTACTEZ-NOUS<\/h2><div class=\"title-separator-short\">\u00a0<\/div><p class=\"section_content\">Besoin d&rsquo;informations ? Vous souhaitez commencer \u00e0 travailler avec nous ?<br \/>Contactez-nous ! Notre \u00e9quipe motiv\u00e9e est disponible pour toute question.<\/p>\t\t\t\t\t\t<\/div>\n\t\t\t\t<\/div>\n\t\t\t\t\t<\/div>\n\t\t\t\t<\/div>\n\t\t<div class=\"elementor-element elementor-element-a4c1590 e-flex e-con-boxed e-con e-parent\" data-id=\"a4c1590\" data-element_type=\"container\" data-settings=\"{&quot;content_width&quot;:&quot;boxed&quot;}\" data-core-v316-plus=\"true\">\n\t\t\t\t\t<div class=\"e-con-inner\">\n\t\t<div class=\"elementor-element elementor-element-b064747 e-con-full e-flex e-con e-child\" data-id=\"b064747\" data-element_type=\"container\" data-settings=\"{&quot;content_width&quot;:&quot;full&quot;}\">\n\t\t\t\t<div class=\"elementor-element elementor-element-0dcf200 elementor-widget elementor-widget-text-editor\" data-id=\"0dcf200\" data-element_type=\"widget\" data-widget_type=\"text-editor.default\">\n\t\t\t\t<div class=\"elementor-widget-container\">\n\t\t\t\t\t\t\t<p><strong>Buffard Logistique Le Havre<\/strong><br \/>Parc d\u2019Activit\u00e9s de la Chauss\u00e9e de la Moselle<br \/>B.P. 650 \u2013 76059 Le Havre Cedex<br \/>Adressage Port Autonome N\u00b03161<br \/>T\u00e9l. +33 (0)2 35 25 23 74<br \/><a href=\"mailto:contact@buffard.eu\">contact@buffard.eu<\/a><\/p><p><a href=\"http:\/\/buffard.eu\/wp-content\/uploads\/2023\/12\/plan_protocole_buffard_le_havre.pdf\">Protocole de s\u00e9curit\u00e9<\/a><\/p>\t\t\t\t\t\t<\/div>\n\t\t\t\t<\/div>\n\t\t\t\t<\/div>\n\t\t<div class=\"elementor-element elementor-element-feaa83d e-con-full e-flex e-con e-child\" data-id=\"feaa83d\" data-element_type=\"container\" data-settings=\"{&quot;content_width&quot;:&quot;full&quot;}\">\n\t\t\t\t<div class=\"elementor-element elementor-element-189765e elementor-widget elementor-widget-text-editor\" data-id=\"189765e\" data-element_type=\"widget\" data-widget_type=\"text-editor.default\">\n\t\t\t\t<div class=\"elementor-widget-container\">\n\t\t\t\t\t\t\t<p><strong>Buffard Logistique PLPN 1<\/strong><br \/>Parc Logistique du Pont de Normandie<br \/>76700 Rogerville<br \/>Adressage Port Autonome N\u00b04951<\/p><p>T\u00e9l: +33 (0)2 35 24 69 41<br \/><a href=\"mailto:contact@buffard.eu\">contact@buffard.eu<\/a><\/p><p><a href=\"http:\/\/buffard.eu\/wp-content\/uploads\/2023\/12\/plan_protocole_plpn-1.pdf\">Protocole de s\u00e9curit\u00e9<\/a><\/p>\t\t\t\t\t\t<\/div>\n\t\t\t\t<\/div>\n\t\t\t\t<\/div>\n\t\t<div class=\"elementor-element elementor-element-3df742e e-con-full e-flex e-con e-child\" data-id=\"3df742e\" data-element_type=\"container\" data-settings=\"{&quot;content_width&quot;:&quot;full&quot;}\">\n\t\t\t\t<div class=\"elementor-element elementor-element-5014123 elementor-widget elementor-widget-text-editor\" data-id=\"5014123\" data-element_type=\"widget\" data-widget_type=\"text-editor.default\">\n\t\t\t\t<div class=\"elementor-widget-container\">\n\t\t\t\t\t\t\t<p><strong>Buffard Logistique PLPN 2<\/strong><br \/>Parc Logistique du Pont de Normandie 76700 Rogerville<br \/>Adressage Port Autonome N\u00b04893<\/p><p>T\u00e9l. +33 (0)2 35 24 85 80<br \/><a href=\"mailto:contact@buffard.eu\">contact@buffard.eu<\/a><\/p><p><a href=\"http:\/\/buffard.eu\/wp-content\/uploads\/2023\/12\/plan_protocole_plpn-2.pdf\">Protocole de s\u00e9curit\u00e9<\/a><\/p>\t\t\t\t\t\t<\/div>\n\t\t\t\t<\/div>\n\t\t\t\t<\/div>\n\t\t\t\t\t<\/div>\n\t\t\t\t<\/div>\n\t\t<div class=\"elementor-element elementor-element-41e0270 e-flex e-con-boxed e-con e-parent\" data-id=\"41e0270\" data-element_type=\"container\" data-settings=\"{&quot;content_width&quot;:&quot;boxed&quot;}\" data-core-v316-plus=\"true\">\n\t\t\t\t\t<div class=\"e-con-inner\">\n\t\t\t\t<div class=\"elementor-element elementor-element-07a471b elementor-widget elementor-widget-text-editor\" data-id=\"07a471b\" data-element_type=\"widget\" data-widget_type=\"text-editor.default\">\n\t\t\t\t<div class=\"elementor-widget-container\">\n\t\t\t\t\t\t\t<p style=\"text-align: center;\"><a href=\"https:\/\/buffard.eu\/wp-content\/uploads\/2025\/01\/CONDITIONS-GENERALES-BUFFARD-LOGISTIQUE-CGV.pdf\">Conditions g\u00e9n\u00e9rales de vente\u00a0<\/a><\/p>\t\t\t\t\t\t<\/div>\n\t\t\t\t<\/div>\n\t\t\t\t\t<\/div>\n\t\t\t\t<\/div>\n\t\t<div class=\"elementor-element elementor-element-faa7865 e-flex e-con-boxed e-con e-parent\" data-id=\"faa7865\" data-element_type=\"container\" data-settings=\"{&quot;content_width&quot;:&quot;boxed&quot;}\" data-core-v316-plus=\"true\">\n\t\t\t\t\t<div class=\"e-con-inner\">\n\t\t\t\t<div class=\"elementor-element elementor-element-b5aba00 elementor-widget elementor-widget-google_maps\" data-id=\"b5aba00\" data-element_type=\"widget\" data-widget_type=\"google_maps.default\">\n\t\t\t\t<div class=\"elementor-widget-container\">\n\t\t\t<style>\/*! elementor - v3.17.0 - 08-11-2023 *\/\n.elementor-widget-google_maps .elementor-widget-container{overflow:hidden}.elementor-widget-google_maps .elementor-custom-embed{line-height:0}.elementor-widget-google_maps iframe{height:300px}<\/style>\t\t<div class=\"elementor-custom-embed\">\n\t\t\t<iframe loading=\"lazy\"\n\t\t\t\t\tsrc=\"https:\/\/maps.google.com\/maps?q=buffard%20logisitique&#038;t=m&#038;z=11&#038;output=embed&#038;iwloc=near\"\n\t\t\t\t\ttitle=\"buffard logisitique\"\n\t\t\t\t\taria-label=\"buffard logisitique\"\n\t\t\t><\/iframe>\n\t\t<\/div>\n\t\t\t\t<\/div>\n\t\t\t\t<\/div>\n\t\t\t\t\t<\/div>\n\t\t\t\t<\/div>\n\t\t\t\t\t\t\t<\/div>\n\t\t","protected":false},"excerpt":{"rendered":"<p>CONTACTEZ-NOUS \u00a0 Besoin d&rsquo;informations ? Vous souhaitez commencer \u00e0 travailler avec nous ?Contactez-nous ! Notre \u00e9quipe motiv\u00e9e est disponible pour toute question. Buffard Logistique Le HavreParc d\u2019Activit\u00e9s de la Chauss\u00e9e de la MoselleB.P. 650 \u2013 76059 Le Havre CedexAdressage Port Autonome N\u00b03161T\u00e9l. +33 (0)2 35 25 23 74contact@buffard.eu Protocole de s\u00e9curit\u00e9 Buffard Logistique PLPN 1Parc [&hellip;]<\/p>\n","protected":false},"author":1,"featured_media":0,"parent":0,"menu_order":0,"comment_status":"closed","ping_status":"closed","template":"elementor_theme","meta":{"_monsterinsights_skip_tracking":false,"_monsterinsights_sitenote_active":false,"_monsterinsights_sitenote_note":"","_monsterinsights_sitenote_category":0,"footnotes":""},"class_list":["post-1579","page","type-page","status-publish","hentry"],"aioseo_notices":[],"_links":{"self":[{"href":"https:\/\/buffard.eu\/index.php\/wp-json\/wp\/v2\/pages\/1579","targetHints":{"allow":["GET"]}}],"collection":[{"href":"https:\/\/buffard.eu\/index.php\/wp-json\/wp\/v2\/pages"}],"about":[{"href":"https:\/\/buffard.eu\/index.php\/wp-json\/wp\/v2\/types\/page"}],"author":[{"embeddable":true,"href":"https:\/\/buffard.eu\/index.php\/wp-json\/wp\/v2\/users\/1"}],"replies":[{"embeddable":true,"href":"https:\/\/buffard.eu\/index.php\/wp-json\/wp\/v2\/comments?post=1579"}],"version-history":[{"count":35,"href":"https:\/\/buffard.eu\/index.php\/wp-json\/wp\/v2\/pages\/1579\/revisions"}],"predecessor-version":[{"id":1992,"href":"https:\/\/buffard.eu\/index.php\/wp-json\/wp\/v2\/pages\/1579\/revisions\/1992"}],"wp:attachment":[{"href":"https:\/\/buffard.eu\/index.php\/wp-json\/wp\/v2\/media?parent=1579"}],"curies":[{"name":"wp","href":"https:\/\/api.w.org\/{rel}","templated":true}]}}